{"id":3024,"date":"2025-01-27T10:59:40","date_gmt":"2025-01-27T10:59:40","guid":{"rendered":"https:\/\/clanyeco.vamtam.com\/?page_id=3024"},"modified":"2025-01-27T10:59:40","modified_gmt":"2025-01-27T10:59:40","slug":"condiciones-del-servicio","status":"publish","type":"page","link":"https:\/\/anasteamcleaningservices.com\/es\/acerca-de-nosotros\/condiciones-del-servicio\/","title":{"rendered":"Condiciones de servicio"},"content":{"rendered":"<div data-elementor-type=\"wp-page\" data-elementor-id=\"3024\" class=\"elementor elementor-3024\" data-elementor-post-type=\"page\">\n\t\t\t\t<div class=\"elementor-element elementor-element-067f407 e-flex e-con-boxed e-con e-parent\" data-id=\"067f407\" data-element_type=\"container\" data-e-type=\"container\">\n\t\t\t\t\t<div class=\"e-con-inner\">\n\t\t\t\t<div class=\"elementor-element elementor-element-37171aa elementor-widget elementor-widget-heading\" data-id=\"37171aa\" data-element_type=\"widget\" data-e-type=\"widget\" data-widget_type=\"heading.default\">\n\t\t\t\t<div class=\"elementor-widget-container\">\n\t\t\t\t\t<h3 class=\"elementor-heading-title elementor-size-default\">Comentarios<\/h3>\t\t\t\t<\/div>\n\t\t\t\t<\/div>\n\t\t\t\t<div class=\"elementor-element elementor-element-7ca9608 elementor-widget elementor-widget-text-editor\" data-id=\"7ca9608\" data-element_type=\"widget\" data-e-type=\"widget\" data-widget_type=\"text-editor.default\">\n\t\t\t\t<div class=\"elementor-widget-container\">\n\t\t\t\t\t\t\t\t\t<p>Texto sugerido: Cuando los visitantes dejan comentarios en el sitio recogemos los datos que aparecen en el formulario de comentarios, y tambi\u00e9n la direcci\u00f3n IP del visitante y la cadena de agente de usuario del navegador para ayudar a la detecci\u00f3n de spam. Es posible que se proporcione al servicio Gravatar una cadena anonimizada creada a partir de su direcci\u00f3n de correo electr\u00f3nico (tambi\u00e9n llamada hash) para saber si la est\u00e1 utilizando. La pol\u00edtica de privacidad del servicio Gravatar est\u00e1 disponible aqu\u00ed: https:\/\/automattic.com\/privacy\/. Tras la aprobaci\u00f3n de tu comentario, tu foto de perfil ser\u00e1 visible al p\u00fablico en el contexto de tu comentario.<\/p>\t\t\t\t\t\t\t\t<\/div>\n\t\t\t\t<\/div>\n\t\t\t\t<div class=\"elementor-element elementor-element-35150e8 elementor-widget elementor-widget-heading\" data-id=\"35150e8\" data-element_type=\"widget\" data-e-type=\"widget\" data-widget_type=\"heading.default\">\n\t\t\t\t<div class=\"elementor-widget-container\">\n\t\t\t\t\t<h3 class=\"elementor-heading-title elementor-size-default\">Medios de comunicaci\u00f3n<\/h3>\t\t\t\t<\/div>\n\t\t\t\t<\/div>\n\t\t\t\t<div class=\"elementor-element elementor-element-0d1ba5a elementor-widget elementor-widget-text-editor\" data-id=\"0d1ba5a\" data-element_type=\"widget\" data-e-type=\"widget\" data-widget_type=\"text-editor.default\">\n\t\t\t\t<div class=\"elementor-widget-container\">\n\t\t\t\t\t\t\t\t\t<p>Texto sugerido: Si subes im\u00e1genes al sitio web, debes evitar subir im\u00e1genes con datos de localizaci\u00f3n incrustados (EXIF GPS) incluidos. Los visitantes del sitio web pueden descargar y extraer cualquier dato de localizaci\u00f3n de las im\u00e1genes del sitio web.<\/p>\t\t\t\t\t\t\t\t<\/div>\n\t\t\t\t<\/div>\n\t\t\t\t<div class=\"elementor-element elementor-element-b9c7b34 elementor-widget elementor-widget-heading\" data-id=\"b9c7b34\" data-element_type=\"widget\" data-e-type=\"widget\" data-widget_type=\"heading.default\">\n\t\t\t\t<div class=\"elementor-widget-container\">\n\t\t\t\t\t<h3 class=\"elementor-heading-title elementor-size-default\">Cookies<\/h3>\t\t\t\t<\/div>\n\t\t\t\t<\/div>\n\t\t\t\t<div class=\"elementor-element elementor-element-da05871 elementor-widget elementor-widget-text-editor\" data-id=\"da05871\" data-element_type=\"widget\" data-e-type=\"widget\" data-widget_type=\"text-editor.default\">\n\t\t\t\t<div class=\"elementor-widget-container\">\n\t\t\t\t\t\t\t\t\t<p>Texto sugerido: Si deja un comentario en nuestro sitio puede optar por guardar su nombre, direcci\u00f3n de correo electr\u00f3nico y sitio web en cookies. Esto es para su comodidad, para que no tenga que rellenar sus datos de nuevo cuando deje otro comentario. Estas cookies durar\u00e1n un a\u00f1o.<\/p><p>Si visita nuestra p\u00e1gina de inicio de sesi\u00f3n, instalaremos una cookie temporal para determinar si su navegador acepta cookies. Esta cookie no contiene datos personales y se descarta cuando cierra el navegador. Cuando inicie sesi\u00f3n, tambi\u00e9n instalaremos varias cookies para guardar su informaci\u00f3n de inicio de sesi\u00f3n y sus opciones de visualizaci\u00f3n en pantalla. Las cookies de inicio de sesi\u00f3n duran dos d\u00edas, y las de opciones de pantalla, un a\u00f1o. Si selecciona \"Recordarme\", sus datos de acceso permanecer\u00e1n durante dos semanas.<\/p><p>Si cierra la sesi\u00f3n de su cuenta, se eliminar\u00e1n las cookies de inicio de sesi\u00f3n.<\/p><p>Si edita o publica un art\u00edculo, se guardar\u00e1 una cookie adicional en su navegador. Esta cookie no incluye datos personales y se limita a indicar el ID de publicaci\u00f3n del art\u00edculo que acaba de editar. Caduca al cabo de 1 d\u00eda.<\/p>\t\t\t\t\t\t\t\t<\/div>\n\t\t\t\t<\/div>\n\t\t\t\t<div class=\"elementor-element elementor-element-568f182 elementor-widget elementor-widget-heading\" data-id=\"568f182\" data-element_type=\"widget\" data-e-type=\"widget\" data-widget_type=\"heading.default\">\n\t\t\t\t<div class=\"elementor-widget-container\">\n\t\t\t\t\t<h3 class=\"elementor-heading-title elementor-size-default\">Contenido incrustado de otros sitios web<\/h3>\t\t\t\t<\/div>\n\t\t\t\t<\/div>\n\t\t\t\t<div class=\"elementor-element elementor-element-aa0e81c elementor-widget elementor-widget-text-editor\" data-id=\"aa0e81c\" data-element_type=\"widget\" data-e-type=\"widget\" data-widget_type=\"text-editor.default\">\n\t\t\t\t<div class=\"elementor-widget-container\">\n\t\t\t\t\t\t\t\t\t<p>Texto sugerido: Los art\u00edculos de este sitio pueden incluir contenido incrustado (por ejemplo, v\u00eddeos, im\u00e1genes, art\u00edculos, etc.). Los contenidos incrustados de otros sitios web se comportan exactamente igual que si el visitante hubiera visitado el otro sitio web.<\/p><p>Estos sitios web pueden recopilar datos sobre usted, utilizar cookies, incrustar seguimiento adicional de terceros y supervisar su interacci\u00f3n con ese contenido incrustado, incluido el seguimiento de su interacci\u00f3n con el contenido incrustado si tiene una cuenta y ha iniciado sesi\u00f3n en ese sitio web.<\/p>\t\t\t\t\t\t\t\t<\/div>\n\t\t\t\t<\/div>\n\t\t\t\t<div class=\"elementor-element elementor-element-3070dd4 elementor-widget elementor-widget-heading\" data-id=\"3070dd4\" data-element_type=\"widget\" data-e-type=\"widget\" data-widget_type=\"heading.default\">\n\t\t\t\t<div class=\"elementor-widget-container\">\n\t\t\t\t\t<h3 class=\"elementor-heading-title elementor-size-default\">Con qui\u00e9n compartimos sus datos<\/h3>\t\t\t\t<\/div>\n\t\t\t\t<\/div>\n\t\t\t\t<div class=\"elementor-element elementor-element-54c8f8a elementor-widget elementor-widget-text-editor\" data-id=\"54c8f8a\" data-element_type=\"widget\" data-e-type=\"widget\" data-widget_type=\"text-editor.default\">\n\t\t\t\t<div class=\"elementor-widget-container\">\n\t\t\t\t\t\t\t\t\t<p>Texto sugerido: Si solicitas un restablecimiento de contrase\u00f1a, tu direcci\u00f3n IP se incluir\u00e1 en el correo electr\u00f3nico de restablecimiento.<\/p>\t\t\t\t\t\t\t\t<\/div>\n\t\t\t\t<\/div>\n\t\t\t\t<div class=\"elementor-element elementor-element-2e41608 elementor-widget elementor-widget-heading\" data-id=\"2e41608\" data-element_type=\"widget\" data-e-type=\"widget\" data-widget_type=\"heading.default\">\n\t\t\t\t<div class=\"elementor-widget-container\">\n\t\t\t\t\t<h3 class=\"elementor-heading-title elementor-size-default\">Cu\u00e1nto tiempo conservamos sus datos<\/h3>\t\t\t\t<\/div>\n\t\t\t\t<\/div>\n\t\t\t\t<div class=\"elementor-element elementor-element-152e9e0 elementor-widget elementor-widget-text-editor\" data-id=\"152e9e0\" data-element_type=\"widget\" data-e-type=\"widget\" data-widget_type=\"text-editor.default\">\n\t\t\t\t<div class=\"elementor-widget-container\">\n\t\t\t\t\t\t\t\t\t<p>Texto sugerido: Si dejas un comentario, el comentario y sus metadatos se conservan indefinidamente. As\u00ed podemos reconocer y aprobar autom\u00e1ticamente cualquier comentario posterior en lugar de retenerlo en una cola de moderaci\u00f3n.<\/p><p>En el caso de los usuarios que se registran en nuestro sitio web (si los hay), tambi\u00e9n almacenamos la informaci\u00f3n personal que proporcionan en su perfil de usuario. Todos los usuarios pueden ver, editar o borrar su informaci\u00f3n personal en cualquier momento (excepto que no pueden cambiar su nombre de usuario). Los administradores del sitio web tambi\u00e9n pueden ver y editar esa informaci\u00f3n.<\/p>\t\t\t\t\t\t\t\t<\/div>\n\t\t\t\t<\/div>\n\t\t\t\t<div class=\"elementor-element elementor-element-3e03276 elementor-widget elementor-widget-heading\" data-id=\"3e03276\" data-element_type=\"widget\" data-e-type=\"widget\" data-widget_type=\"heading.default\">\n\t\t\t\t<div class=\"elementor-widget-container\">\n\t\t\t\t\t<h3 class=\"elementor-heading-title elementor-size-default\">Qu\u00e9 derechos tiene sobre sus datos<\/h3>\t\t\t\t<\/div>\n\t\t\t\t<\/div>\n\t\t\t\t<div class=\"elementor-element elementor-element-c9791d1 elementor-widget elementor-widget-text-editor\" data-id=\"c9791d1\" data-element_type=\"widget\" data-e-type=\"widget\" data-widget_type=\"text-editor.default\">\n\t\t\t\t<div class=\"elementor-widget-container\">\n\t\t\t\t\t\t\t\t\t<p>Texto sugerido: Si tiene una cuenta en este sitio o ha dejado comentarios, puede solicitar que le enviemos un archivo exportado de los datos personales que tenemos sobre usted, incluidos los que nos haya facilitado. Tambi\u00e9n puede solicitar que borremos cualquier dato personal que tengamos sobre usted. Esto no incluye los datos que estemos obligados a conservar por motivos administrativos, legales o de seguridad.<\/p>\t\t\t\t\t\t\t\t<\/div>\n\t\t\t\t<\/div>\n\t\t\t\t<div class=\"elementor-element elementor-element-e808064 elementor-widget elementor-widget-heading\" data-id=\"e808064\" data-element_type=\"widget\" data-e-type=\"widget\" data-widget_type=\"heading.default\">\n\t\t\t\t<div class=\"elementor-widget-container\">\n\t\t\t\t\t<h3 class=\"elementor-heading-title elementor-size-default\">D\u00f3nde se env\u00edan sus datos<\/h3>\t\t\t\t<\/div>\n\t\t\t\t<\/div>\n\t\t\t\t<div class=\"elementor-element elementor-element-4f448ba elementor-widget elementor-widget-text-editor\" data-id=\"4f448ba\" data-element_type=\"widget\" data-e-type=\"widget\" data-widget_type=\"text-editor.default\">\n\t\t\t\t<div class=\"elementor-widget-container\">\n\t\t\t\t\t\t\t\t\t<p>Texto sugerido: Los comentarios de los visitantes pueden ser revisados a trav\u00e9s de un servicio automatizado de detecci\u00f3n de spam.<\/p>\t\t\t\t\t\t\t\t<\/div>\n\t\t\t\t<\/div>\n\t\t\t\t\t<\/div>\n\t\t\t\t<\/div>\n\t\t\t\t<\/div>","protected":false},"excerpt":{"rendered":"<p>Terms &#038; Conditions<\/p>","protected":false},"author":2,"featured_media":0,"parent":25,"menu_order":0,"comment_status":"closed","ping_status":"closed","template":"","meta":{"_coblocks_attr":"","_coblocks_dimensions":"","_coblocks_responsive_height":"","_coblocks_accordion_ie_support":"","inline_featured_image":false,"footnotes":""},"class_list":["post-3024","page","type-page","status-publish","hentry"],"yoast_head":"<!-- This site is optimized with the Yoast SEO Premium plugin v25.0 (Yoast SEO v27.4) - https:\/\/yoast.com\/product\/yoast-seo-premium-wordpress\/ -->\n<title>Terms of service - Anas Team Cleaning Services - Home, Residential, Offices and Airbnb<\/title>\n<meta name=\"robots\" content=\"index, follow, max-snippet:-1, max-image-preview:large, max-video-preview:-1\" \/>\n<link rel=\"canonical\" href=\"https:\/\/anasteamcleaningservices.com\/es\/acerca-de-nosotros\/condiciones-del-servicio\/\" \/>\n<meta property=\"og:locale\" content=\"es_ES\" \/>\n<meta property=\"og:type\" content=\"article\" \/>\n<meta property=\"og:title\" content=\"Terms of service\" \/>\n<meta property=\"og:description\" content=\"Terms &amp; Conditions\" \/>\n<meta property=\"og:url\" content=\"https:\/\/anasteamcleaningservices.com\/es\/acerca-de-nosotros\/condiciones-del-servicio\/\" \/>\n<meta property=\"og:site_name\" content=\"Anas Team Cleaning Services - Home, Residential, Offices and Airbnb\" \/>\n<meta name=\"twitter:card\" content=\"summary_large_image\" \/>\n<meta name=\"twitter:label1\" content=\"Tiempo de lectura\" \/>\n\t<meta name=\"twitter:data1\" content=\"3 minutos\" \/>\n<script type=\"application\/ld+json\" class=\"yoast-schema-graph\">{\"@context\":\"https:\\\/\\\/schema.org\",\"@graph\":[{\"@type\":\"WebPage\",\"@id\":\"https:\\\/\\\/anasteamcleaningservices.com\\\/about-us\\\/terms-of-service\\\/\",\"url\":\"https:\\\/\\\/anasteamcleaningservices.com\\\/about-us\\\/terms-of-service\\\/\",\"name\":\"Terms of service - Anas Team Cleaning Services - Home, Residential, Offices and Airbnb\",\"isPartOf\":{\"@id\":\"https:\\\/\\\/anasteamcleaningservices.com\\\/#website\"},\"datePublished\":\"2025-01-27T10:59:40+00:00\",\"breadcrumb\":{\"@id\":\"https:\\\/\\\/anasteamcleaningservices.com\\\/about-us\\\/terms-of-service\\\/#breadcrumb\"},\"inLanguage\":\"es\",\"potentialAction\":[{\"@type\":\"ReadAction\",\"target\":[\"https:\\\/\\\/anasteamcleaningservices.com\\\/about-us\\\/terms-of-service\\\/\"]}]},{\"@type\":\"BreadcrumbList\",\"@id\":\"https:\\\/\\\/anasteamcleaningservices.com\\\/about-us\\\/terms-of-service\\\/#breadcrumb\",\"itemListElement\":[{\"@type\":\"ListItem\",\"position\":1,\"name\":\"Home\",\"item\":\"https:\\\/\\\/anasteamcleaningservices.com\\\/\"},{\"@type\":\"ListItem\",\"position\":2,\"name\":\"About us\",\"item\":\"https:\\\/\\\/anasteamcleaningservices.com\\\/about-us\\\/\"},{\"@type\":\"ListItem\",\"position\":3,\"name\":\"Terms of service\"}]},{\"@type\":\"WebSite\",\"@id\":\"https:\\\/\\\/anasteamcleaningservices.com\\\/#website\",\"url\":\"https:\\\/\\\/anasteamcleaningservices.com\\\/\",\"name\":\"Anas Team Cleaning Services - Home, Residential, Offices and Airbnb\",\"description\":\"We work in Rhode Island especially in New England, Professional and trusted team, we work in homes, offices and Airbnbs!\",\"publisher\":{\"@id\":\"https:\\\/\\\/anasteamcleaningservices.com\\\/#organization\"},\"potentialAction\":[{\"@type\":\"SearchAction\",\"target\":{\"@type\":\"EntryPoint\",\"urlTemplate\":\"https:\\\/\\\/anasteamcleaningservices.com\\\/?s={search_term_string}\"},\"query-input\":{\"@type\":\"PropertyValueSpecification\",\"valueRequired\":true,\"valueName\":\"search_term_string\"}}],\"inLanguage\":\"es\"},{\"@type\":\"Organization\",\"@id\":\"https:\\\/\\\/anasteamcleaningservices.com\\\/#organization\",\"name\":\"Anas Team Cleaning Services - Home, Residential, Offices and Airbnb\",\"url\":\"https:\\\/\\\/anasteamcleaningservices.com\\\/\",\"logo\":{\"@type\":\"ImageObject\",\"inLanguage\":\"es\",\"@id\":\"https:\\\/\\\/anasteamcleaningservices.com\\\/#\\\/schema\\\/logo\\\/image\\\/\",\"url\":\"https:\\\/\\\/anasteamcleaningservices.com\\\/wp-content\\\/uploads\\\/2024\\\/12\\\/ANAS-TEAM.jpg\",\"contentUrl\":\"https:\\\/\\\/anasteamcleaningservices.com\\\/wp-content\\\/uploads\\\/2024\\\/12\\\/ANAS-TEAM.jpg\",\"width\":1024,\"height\":1024,\"caption\":\"Anas Team Cleaning Services - Home, Residential, Offices and Airbnb\"},\"image\":{\"@id\":\"https:\\\/\\\/anasteamcleaningservices.com\\\/#\\\/schema\\\/logo\\\/image\\\/\"}}]}<\/script>\n<!-- \/ Yoast SEO Premium plugin. -->","yoast_head_json":{"title":"Condiciones de servicio - Anas Team Cleaning Services - Home, Residential, Offices and Airbnb","robots":{"index":"index","follow":"follow","max-snippet":"max-snippet:-1","max-image-preview":"max-image-preview:large","max-video-preview":"max-video-preview:-1"},"canonical":"https:\/\/anasteamcleaningservices.com\/es\/acerca-de-nosotros\/condiciones-del-servicio\/","og_locale":"es_ES","og_type":"article","og_title":"Terms of service","og_description":"Terms & Conditions","og_url":"https:\/\/anasteamcleaningservices.com\/es\/acerca-de-nosotros\/condiciones-del-servicio\/","og_site_name":"Anas Team Cleaning Services - Home, Residential, Offices and Airbnb","twitter_card":"summary_large_image","twitter_misc":{"Tiempo de lectura":"3 minutos"},"schema":{"@context":"https:\/\/schema.org","@graph":[{"@type":"WebPage","@id":"https:\/\/anasteamcleaningservices.com\/about-us\/terms-of-service\/","url":"https:\/\/anasteamcleaningservices.com\/about-us\/terms-of-service\/","name":"Condiciones de servicio - Anas Team Cleaning Services - Home, Residential, Offices and Airbnb","isPartOf":{"@id":"https:\/\/anasteamcleaningservices.com\/#website"},"datePublished":"2025-01-27T10:59:40+00:00","breadcrumb":{"@id":"https:\/\/anasteamcleaningservices.com\/about-us\/terms-of-service\/#breadcrumb"},"inLanguage":"es","potentialAction":[{"@type":"ReadAction","target":["https:\/\/anasteamcleaningservices.com\/about-us\/terms-of-service\/"]}]},{"@type":"BreadcrumbList","@id":"https:\/\/anasteamcleaningservices.com\/about-us\/terms-of-service\/#breadcrumb","itemListElement":[{"@type":"ListItem","position":1,"name":"Home","item":"https:\/\/anasteamcleaningservices.com\/"},{"@type":"ListItem","position":2,"name":"About us","item":"https:\/\/anasteamcleaningservices.com\/about-us\/"},{"@type":"ListItem","position":3,"name":"Terms of service"}]},{"@type":"WebSite","@id":"https:\/\/anasteamcleaningservices.com\/#website","url":"https:\/\/anasteamcleaningservices.com\/","name":"Anas Team Servicios de Limpieza - Hogar, Residencial, Oficinas y Airbnb","description":"\u00a1Trabajamos en Rhode Island especialmente en Nueva Inglaterra, Equipo profesional y de confianza, trabajamos en casas, oficinas y Airbnbs!","publisher":{"@id":"https:\/\/anasteamcleaningservices.com\/#organization"},"potentialAction":[{"@type":"SearchAction","target":{"@type":"EntryPoint","urlTemplate":"https:\/\/anasteamcleaningservices.com\/?s={search_term_string}"},"query-input":{"@type":"PropertyValueSpecification","valueRequired":true,"valueName":"search_term_string"}}],"inLanguage":"es"},{"@type":"Organization","@id":"https:\/\/anasteamcleaningservices.com\/#organization","name":"Anas Team Servicios de Limpieza - Hogar, Residencial, Oficinas y Airbnb","url":"https:\/\/anasteamcleaningservices.com\/","logo":{"@type":"ImageObject","inLanguage":"es","@id":"https:\/\/anasteamcleaningservices.com\/#\/schema\/logo\/image\/","url":"https:\/\/anasteamcleaningservices.com\/wp-content\/uploads\/2024\/12\/ANAS-TEAM.jpg","contentUrl":"https:\/\/anasteamcleaningservices.com\/wp-content\/uploads\/2024\/12\/ANAS-TEAM.jpg","width":1024,"height":1024,"caption":"Anas Team Cleaning Services - Home, Residential, Offices and Airbnb"},"image":{"@id":"https:\/\/anasteamcleaningservices.com\/#\/schema\/logo\/image\/"}}]}},"_links":{"self":[{"href":"https:\/\/anasteamcleaningservices.com\/es\/wp-json\/wp\/v2\/pages\/3024","targetHints":{"allow":["GET"]}}],"collection":[{"href":"https:\/\/anasteamcleaningservices.com\/es\/wp-json\/wp\/v2\/pages"}],"about":[{"href":"https:\/\/anasteamcleaningservices.com\/es\/wp-json\/wp\/v2\/types\/page"}],"author":[{"embeddable":true,"href":"https:\/\/anasteamcleaningservices.com\/es\/wp-json\/wp\/v2\/users\/2"}],"replies":[{"embeddable":true,"href":"https:\/\/anasteamcleaningservices.com\/es\/wp-json\/wp\/v2\/comments?post=3024"}],"version-history":[{"count":0,"href":"https:\/\/anasteamcleaningservices.com\/es\/wp-json\/wp\/v2\/pages\/3024\/revisions"}],"up":[{"embeddable":true,"href":"https:\/\/anasteamcleaningservices.com\/es\/wp-json\/wp\/v2\/pages\/25"}],"wp:attachment":[{"href":"https:\/\/anasteamcleaningservices.com\/es\/wp-json\/wp\/v2\/media?parent=3024"}],"curies":[{"name":"wp","href":"https:\/\/api.w.org\/{rel}","templated":true}]}}