{"id":3,"date":"2024-12-12T21:20:32","date_gmt":"2024-12-12T21:20:32","guid":{"rendered":"https:\/\/clanyeco.vamtam.com\/?page_id=3"},"modified":"2024-12-12T21:20:32","modified_gmt":"2024-12-12T21:20:32","slug":"politica-de-privacidad","status":"publish","type":"page","link":"https:\/\/anasteamcleaningservices.com\/es\/acerca-de-nosotros\/politica-de-privacidad\/","title":{"rendered":"Pol\u00edtica de privacidad"},"content":{"rendered":"<div data-elementor-type=\"wp-page\" data-elementor-id=\"3\" class=\"elementor elementor-3\" data-elementor-post-type=\"page\">\n\t\t\t\t<div class=\"elementor-element elementor-element-b23b2b2 e-flex e-con-boxed e-con e-parent\" data-id=\"b23b2b2\" data-element_type=\"container\" data-e-type=\"container\">\n\t\t\t\t\t<div class=\"e-con-inner\">\n\t\t\t\t<div class=\"elementor-element elementor-element-6960f1c elementor-widget elementor-widget-heading\" data-id=\"6960f1c\" data-element_type=\"widget\" data-e-type=\"widget\" data-widget_type=\"heading.default\">\n\t\t\t\t<div class=\"elementor-widget-container\">\n\t\t\t\t\t<h3 class=\"elementor-heading-title elementor-size-default\">\u00bfQu\u00e9 informaci\u00f3n recogemos?<\/h3>\t\t\t\t<\/div>\n\t\t\t\t<\/div>\n\t\t\t\t<div class=\"elementor-element elementor-element-c8a4f22 elementor-widget elementor-widget-text-editor\" data-id=\"c8a4f22\" data-element_type=\"widget\" data-e-type=\"widget\" data-widget_type=\"text-editor.default\">\n\t\t\t\t<div class=\"elementor-widget-container\">\n\t\t\t\t\t\t\t\t\t<p>Cuando usted interact\u00faa con nosotros, podemos recoger su nombre, direcci\u00f3n, direcci\u00f3n(es) de correo electr\u00f3nico, n\u00famero(s) de tel\u00e9fono y, en su caso, fecha de nacimiento.<\/p>\t\t\t\t\t\t\t\t<\/div>\n\t\t\t\t<\/div>\n\t\t\t\t<div class=\"elementor-element elementor-element-30ff092 elementor-widget elementor-widget-heading\" data-id=\"30ff092\" data-element_type=\"widget\" data-e-type=\"widget\" data-widget_type=\"heading.default\">\n\t\t\t\t<div class=\"elementor-widget-container\">\n\t\t\t\t\t<h3 class=\"elementor-heading-title elementor-size-default\">\u00bfC\u00f3mo recopilamos la informaci\u00f3n?<\/h3>\t\t\t\t<\/div>\n\t\t\t\t<\/div>\n\t\t\t\t<div class=\"elementor-element elementor-element-c6d8b07 elementor-widget elementor-widget-text-editor\" data-id=\"c6d8b07\" data-element_type=\"widget\" data-e-type=\"widget\" data-widget_type=\"text-editor.default\">\n\t\t\t\t<div class=\"elementor-widget-container\">\n\t\t\t\t\t\t\t\t\t<p>Podemos recopilar informaci\u00f3n sobre usted siempre que interact\u00fae con nosotros. Por ejemplo, cuando se pone en contacto con nosotros en relaci\u00f3n con nuestras actividades, se registra como simpatizante, env\u00eda o recibe informaci\u00f3n o firma una petici\u00f3n, nos facilita sus datos personales de forma espec\u00edfica y consciente. Tambi\u00e9n podemos recibir informaci\u00f3n sobre usted de terceros, pero s\u00f3lo si usted les ha dado permiso para compartir sus datos.<\/p>\t\t\t\t\t\t\t\t<\/div>\n\t\t\t\t<\/div>\n\t\t\t\t<div class=\"elementor-element elementor-element-c9dbe67 elementor-widget elementor-widget-heading\" data-id=\"c9dbe67\" data-element_type=\"widget\" data-e-type=\"widget\" data-widget_type=\"heading.default\">\n\t\t\t\t<div class=\"elementor-widget-container\">\n\t\t\t\t\t<h3 class=\"elementor-heading-title elementor-size-default\">Confidencialidad<\/h3>\t\t\t\t<\/div>\n\t\t\t\t<\/div>\n\t\t\t\t<div class=\"elementor-element elementor-element-39bad26 elementor-widget elementor-widget-text-editor\" data-id=\"39bad26\" data-element_type=\"widget\" data-e-type=\"widget\" data-widget_type=\"text-editor.default\">\n\t\t\t\t<div class=\"elementor-widget-container\">\n\t\t\t\t\t\t\t\t\t<p>No seremos responsables de la privacidad de los datos recogidos por sitios web que no sean propiedad o no est\u00e9n gestionados por Charity, incluidos aquellos que est\u00e9n enlazados a trav\u00e9s de nuestro sitio web.<\/p>\t\t\t\t\t\t\t\t<\/div>\n\t\t\t\t<\/div>\n\t\t\t\t<div class=\"elementor-element elementor-element-a7ac7aa elementor-widget elementor-widget-heading\" data-id=\"a7ac7aa\" data-element_type=\"widget\" data-e-type=\"widget\" data-widget_type=\"heading.default\">\n\t\t\t\t<div class=\"elementor-widget-container\">\n\t\t\t\t\t<h3 class=\"elementor-heading-title elementor-size-default\">Presentar una denuncia\n<\/h3>\t\t\t\t<\/div>\n\t\t\t\t<\/div>\n\t\t\t\t<div class=\"elementor-element elementor-element-652265f elementor-widget elementor-widget-text-editor\" data-id=\"652265f\" data-element_type=\"widget\" data-e-type=\"widget\" data-widget_type=\"text-editor.default\">\n\t\t\t\t<div class=\"elementor-widget-container\">\n\t\t\t\t\t\t\t\t\t<p>Si no est\u00e1 satisfecho con la respuesta, p\u00f3ngase en contacto con nosotros en eagle-elite@email.com con los detalles que explican sus preocupaciones. Revisaremos su queja e investigaremos si se han seguido los procedimientos correctos y le responderemos seg\u00fan proceda. Nuestro objetivo es completar esta investigaci\u00f3n en un plazo de 15 d\u00edas laborables a partir de la recepci\u00f3n de su queja, pero en algunos casos puede llevar m\u00e1s tiempo. Si sigue insatisfecho con la respuesta, puede ponerse en contacto con nosotros.<\/p>\t\t\t\t\t\t\t\t<\/div>\n\t\t\t\t<\/div>\n\t\t\t\t\t<\/div>\n\t\t\t\t<\/div>\n\t\t\t\t<\/div>","protected":false},"excerpt":{"rendered":"<p>Informaci\u00f3n sobre la pol\u00edtica de privacidad<\/p>","protected":false},"author":2,"featured_media":0,"parent":25,"menu_order":0,"comment_status":"closed","ping_status":"open","template":"","meta":{"_coblocks_attr":"","_coblocks_dimensions":"","_coblocks_responsive_height":"","_coblocks_accordion_ie_support":"","inline_featured_image":false,"footnotes":""},"class_list":["post-3","page","type-page","status-publish","hentry"],"yoast_head":"<!-- This site is optimized with the Yoast SEO Premium plugin v25.0 (Yoast SEO v27.4) - https:\/\/yoast.com\/product\/yoast-seo-premium-wordpress\/ -->\n<title>Privacy Policy - Anas Team Cleaning Services - Home, Residential, Offices and Airbnb<\/title>\n<meta name=\"robots\" content=\"index, follow, max-snippet:-1, max-image-preview:large, max-video-preview:-1\" \/>\n<link rel=\"canonical\" href=\"https:\/\/anasteamcleaningservices.com\/es\/acerca-de-nosotros\/politica-de-privacidad\/\" \/>\n<meta property=\"og:locale\" content=\"es_ES\" \/>\n<meta property=\"og:type\" content=\"article\" \/>\n<meta property=\"og:title\" content=\"Privacy Policy\" \/>\n<meta property=\"og:description\" content=\"Privacy Policy Information\" \/>\n<meta property=\"og:url\" content=\"https:\/\/anasteamcleaningservices.com\/es\/acerca-de-nosotros\/politica-de-privacidad\/\" \/>\n<meta property=\"og:site_name\" content=\"Anas Team Cleaning Services - Home, Residential, Offices and Airbnb\" \/>\n<meta name=\"twitter:card\" content=\"summary_large_image\" \/>\n<meta name=\"twitter:label1\" content=\"Tiempo de lectura\" \/>\n\t<meta name=\"twitter:data1\" content=\"1 minuto\" \/>\n<script type=\"application\/ld+json\" class=\"yoast-schema-graph\">{\"@context\":\"https:\\\/\\\/schema.org\",\"@graph\":[{\"@type\":\"WebPage\",\"@id\":\"https:\\\/\\\/anasteamcleaningservices.com\\\/about-us\\\/privacy-policy\\\/\",\"url\":\"https:\\\/\\\/anasteamcleaningservices.com\\\/about-us\\\/privacy-policy\\\/\",\"name\":\"Privacy Policy - Anas Team Cleaning Services - Home, Residential, Offices and Airbnb\",\"isPartOf\":{\"@id\":\"https:\\\/\\\/anasteamcleaningservices.com\\\/#website\"},\"datePublished\":\"2024-12-12T21:20:32+00:00\",\"breadcrumb\":{\"@id\":\"https:\\\/\\\/anasteamcleaningservices.com\\\/about-us\\\/privacy-policy\\\/#breadcrumb\"},\"inLanguage\":\"es\",\"potentialAction\":[{\"@type\":\"ReadAction\",\"target\":[\"https:\\\/\\\/anasteamcleaningservices.com\\\/about-us\\\/privacy-policy\\\/\"]}]},{\"@type\":\"BreadcrumbList\",\"@id\":\"https:\\\/\\\/anasteamcleaningservices.com\\\/about-us\\\/privacy-policy\\\/#breadcrumb\",\"itemListElement\":[{\"@type\":\"ListItem\",\"position\":1,\"name\":\"Home\",\"item\":\"https:\\\/\\\/anasteamcleaningservices.com\\\/\"},{\"@type\":\"ListItem\",\"position\":2,\"name\":\"About us\",\"item\":\"https:\\\/\\\/anasteamcleaningservices.com\\\/about-us\\\/\"},{\"@type\":\"ListItem\",\"position\":3,\"name\":\"Privacy Policy\"}]},{\"@type\":\"WebSite\",\"@id\":\"https:\\\/\\\/anasteamcleaningservices.com\\\/#website\",\"url\":\"https:\\\/\\\/anasteamcleaningservices.com\\\/\",\"name\":\"Anas Team Cleaning Services - Home, Residential, Offices and Airbnb\",\"description\":\"We work in Rhode Island especially in New England, Professional and trusted team, we work in homes, offices and Airbnbs!\",\"publisher\":{\"@id\":\"https:\\\/\\\/anasteamcleaningservices.com\\\/#organization\"},\"potentialAction\":[{\"@type\":\"SearchAction\",\"target\":{\"@type\":\"EntryPoint\",\"urlTemplate\":\"https:\\\/\\\/anasteamcleaningservices.com\\\/?s={search_term_string}\"},\"query-input\":{\"@type\":\"PropertyValueSpecification\",\"valueRequired\":true,\"valueName\":\"search_term_string\"}}],\"inLanguage\":\"es\"},{\"@type\":\"Organization\",\"@id\":\"https:\\\/\\\/anasteamcleaningservices.com\\\/#organization\",\"name\":\"Anas Team Cleaning Services - Home, Residential, Offices and Airbnb\",\"url\":\"https:\\\/\\\/anasteamcleaningservices.com\\\/\",\"logo\":{\"@type\":\"ImageObject\",\"inLanguage\":\"es\",\"@id\":\"https:\\\/\\\/anasteamcleaningservices.com\\\/#\\\/schema\\\/logo\\\/image\\\/\",\"url\":\"https:\\\/\\\/anasteamcleaningservices.com\\\/wp-content\\\/uploads\\\/2024\\\/12\\\/ANAS-TEAM.jpg\",\"contentUrl\":\"https:\\\/\\\/anasteamcleaningservices.com\\\/wp-content\\\/uploads\\\/2024\\\/12\\\/ANAS-TEAM.jpg\",\"width\":1024,\"height\":1024,\"caption\":\"Anas Team Cleaning Services - Home, Residential, Offices and Airbnb\"},\"image\":{\"@id\":\"https:\\\/\\\/anasteamcleaningservices.com\\\/#\\\/schema\\\/logo\\\/image\\\/\"}}]}<\/script>\n<!-- \/ Yoast SEO Premium plugin. -->","yoast_head_json":{"title":"Pol\u00edtica de privacidad - Anas Team Cleaning Services - Home, Residential, Offices and Airbnb","robots":{"index":"index","follow":"follow","max-snippet":"max-snippet:-1","max-image-preview":"max-image-preview:large","max-video-preview":"max-video-preview:-1"},"canonical":"https:\/\/anasteamcleaningservices.com\/es\/acerca-de-nosotros\/politica-de-privacidad\/","og_locale":"es_ES","og_type":"article","og_title":"Privacy Policy","og_description":"Privacy Policy Information","og_url":"https:\/\/anasteamcleaningservices.com\/es\/acerca-de-nosotros\/politica-de-privacidad\/","og_site_name":"Anas Team Cleaning Services - Home, Residential, Offices and Airbnb","twitter_card":"summary_large_image","twitter_misc":{"Tiempo de lectura":"1 minuto"},"schema":{"@context":"https:\/\/schema.org","@graph":[{"@type":"WebPage","@id":"https:\/\/anasteamcleaningservices.com\/about-us\/privacy-policy\/","url":"https:\/\/anasteamcleaningservices.com\/about-us\/privacy-policy\/","name":"Pol\u00edtica de privacidad - Anas Team Cleaning Services - Home, Residential, Offices and Airbnb","isPartOf":{"@id":"https:\/\/anasteamcleaningservices.com\/#website"},"datePublished":"2024-12-12T21:20:32+00:00","breadcrumb":{"@id":"https:\/\/anasteamcleaningservices.com\/about-us\/privacy-policy\/#breadcrumb"},"inLanguage":"es","potentialAction":[{"@type":"ReadAction","target":["https:\/\/anasteamcleaningservices.com\/about-us\/privacy-policy\/"]}]},{"@type":"BreadcrumbList","@id":"https:\/\/anasteamcleaningservices.com\/about-us\/privacy-policy\/#breadcrumb","itemListElement":[{"@type":"ListItem","position":1,"name":"Home","item":"https:\/\/anasteamcleaningservices.com\/"},{"@type":"ListItem","position":2,"name":"About us","item":"https:\/\/anasteamcleaningservices.com\/about-us\/"},{"@type":"ListItem","position":3,"name":"Privacy Policy"}]},{"@type":"WebSite","@id":"https:\/\/anasteamcleaningservices.com\/#website","url":"https:\/\/anasteamcleaningservices.com\/","name":"Anas Team Servicios de Limpieza - Hogar, Residencial, Oficinas y Airbnb","description":"\u00a1Trabajamos en Rhode Island especialmente en Nueva Inglaterra, Equipo profesional y de confianza, trabajamos en casas, oficinas y Airbnbs!","publisher":{"@id":"https:\/\/anasteamcleaningservices.com\/#organization"},"potentialAction":[{"@type":"SearchAction","target":{"@type":"EntryPoint","urlTemplate":"https:\/\/anasteamcleaningservices.com\/?s={search_term_string}"},"query-input":{"@type":"PropertyValueSpecification","valueRequired":true,"valueName":"search_term_string"}}],"inLanguage":"es"},{"@type":"Organization","@id":"https:\/\/anasteamcleaningservices.com\/#organization","name":"Anas Team Servicios de Limpieza - Hogar, Residencial, Oficinas y Airbnb","url":"https:\/\/anasteamcleaningservices.com\/","logo":{"@type":"ImageObject","inLanguage":"es","@id":"https:\/\/anasteamcleaningservices.com\/#\/schema\/logo\/image\/","url":"https:\/\/anasteamcleaningservices.com\/wp-content\/uploads\/2024\/12\/ANAS-TEAM.jpg","contentUrl":"https:\/\/anasteamcleaningservices.com\/wp-content\/uploads\/2024\/12\/ANAS-TEAM.jpg","width":1024,"height":1024,"caption":"Anas Team Cleaning Services - Home, Residential, Offices and Airbnb"},"image":{"@id":"https:\/\/anasteamcleaningservices.com\/#\/schema\/logo\/image\/"}}]}},"_links":{"self":[{"href":"https:\/\/anasteamcleaningservices.com\/es\/wp-json\/wp\/v2\/pages\/3","targetHints":{"allow":["GET"]}}],"collection":[{"href":"https:\/\/anasteamcleaningservices.com\/es\/wp-json\/wp\/v2\/pages"}],"about":[{"href":"https:\/\/anasteamcleaningservices.com\/es\/wp-json\/wp\/v2\/types\/page"}],"author":[{"embeddable":true,"href":"https:\/\/anasteamcleaningservices.com\/es\/wp-json\/wp\/v2\/users\/2"}],"replies":[{"embeddable":true,"href":"https:\/\/anasteamcleaningservices.com\/es\/wp-json\/wp\/v2\/comments?post=3"}],"version-history":[{"count":0,"href":"https:\/\/anasteamcleaningservices.com\/es\/wp-json\/wp\/v2\/pages\/3\/revisions"}],"up":[{"embeddable":true,"href":"https:\/\/anasteamcleaningservices.com\/es\/wp-json\/wp\/v2\/pages\/25"}],"wp:attachment":[{"href":"https:\/\/anasteamcleaningservices.com\/es\/wp-json\/wp\/v2\/media?parent=3"}],"curies":[{"name":"wp","href":"https:\/\/api.w.org\/{rel}","templated":true}]}}